{"id":19,"date":"2023-03-17T19:04:25","date_gmt":"2023-03-17T19:04:25","guid":{"rendered":"https:\/\/nuevaraza.edu.mx\/?page_id=19"},"modified":"2023-03-17T19:52:03","modified_gmt":"2023-03-17T19:52:03","slug":"inicio","status":"publish","type":"page","link":"https:\/\/nuevaraza.edu.mx\/","title":{"rendered":"INICIO"},"content":{"rendered":"<p>[et_pb_section fb_built=\u00bb1&#8243; fullwidth=\u00bbon\u00bb admin_label=\u00bbHero\u00bb _builder_version=\u00bb4.19.5&#8243; _module_preset=\u00bbdefault\u00bb background_image=\u00bbhttps:\/\/nuevaraza.edu.mx\/wp-content\/uploads\/2023\/03\/Foto_Impulsamos_Web_Paralell-scaled-1.jpg\u00bb custom_margin=\u00bb0px||0px||false|false\u00bb custom_padding=\u00bb0px||0px||false|false\u00bb top_divider_style=\u00bbclouds2&#8243; top_divider_color=\u00bbrgba(255,255,255,0.41)\u00bb top_divider_height=\u00bb18%\u00bb background_last_edited=\u00bbon|phone\u00bb background_image_phone=\u00bbhttps:\/\/nuevaraza.edu.mx\/wp-content\/uploads\/2023\/03\/Foto_Impulsamos_CEL_Paralell-scaled-1.jpg\u00bb background_enable_image_phone=\u00bbon\u00bb parallax_method_phone=\u00bbon\u00bb global_colors_info=\u00bb{}\u00bb][et_pb_fullwidth_image src=\u00bbhttps:\/\/nuevaraza.edu.mx\/wp-content\/uploads\/2023\/03\/Font_Impulsamos-1.png\u00bb alt=\u00bbImpulsamos\u00bb title_text=\u00bbFont_Impulsamos_CEL\u00bb src_tablet=\u00bbhttps:\/\/nuevaraza.edu.mx\/wp-content\/uploads\/2023\/03\/Font_Impulsamos.png\u00bb src_phone=\u00bbhttps:\/\/nuevaraza.edu.mx\/wp-content\/uploads\/2023\/03\/Font_Impulsamos_CEL.png\u00bb src_last_edited=\u00bbon|tablet\u00bb _builder_version=\u00bb4.20.2&#8243; _module_preset=\u00bbdefault\u00bb animation_style=\u00bbbounce\u00bb global_colors_info=\u00bb{}\u00bb][\/et_pb_fullwidth_image][\/et_pb_section][et_pb_section fb_built=\u00bb1&#8243; fullwidth=\u00bbon\u00bb _builder_version=\u00bb4.19.5&#8243; _module_preset=\u00bbdefault\u00bb background_color=\u00bbRGBA(255,255,255,0)\u00bb custom_margin=\u00bb0px||||false|false\u00bb custom_padding=\u00bb0px||||false|false\u00bb global_colors_info=\u00bb{}\u00bb][et_pb_fullwidth_header title=\u00bbCINCO DE NUESTRAS BASES CURRICULARES\u00bb _builder_version=\u00bb4.20.2&#8243; _module_preset=\u00bb80dec9ac-b145-427a-a8ed-d8d524b76b3a\u00bb title_font=\u00bbCabin Sketch|700||on|||||\u00bb title_text_color=\u00bb#33383C\u00bb title_font_size=\u00bb32px\u00bb title_letter_spacing=\u00bb2px\u00bb title_line_height=\u00bb1.2em\u00bb background_color=\u00bb#68BFB1&#8243; use_background_color_gradient=\u00bboff\u00bb custom_margin=\u00bb0px||||false|false\u00bb custom_padding=\u00bb2vw|0px|0vw|0px|false|false\u00bb custom_padding_tablet=\u00bb2vw|0px|0vw|0px|false|false\u00bb custom_padding_phone=\u00bb5vw||||false|false\u00bb custom_padding_last_edited=\u00bbon|phone\u00bb hover_enabled=\u00bb0&#8243; global_colors_info=\u00bb{}\u00bb animation_style=\u00bbnone\u00bb sticky_enabled=\u00bb0&#8243;][\/et_pb_fullwidth_header][\/et_pb_section][et_pb_section fb_built=\u00bb1&#8243; _builder_version=\u00bb4.19.5&#8243; _module_preset=\u00bbdefault\u00bb background_color=\u00bb#68BFB1&#8243; custom_padding=\u00bb33px||43px|||\u00bb global_colors_info=\u00bb{}\u00bb][et_pb_row column_structure=\u00bb1_5,1_5,1_5,1_5,1_5&#8243; _builder_version=\u00bb4.19.5&#8243; _module_preset=\u00bbdefault\u00bb width=\u00bb90%\u00bb width_tablet=\u00bb90%\u00bb width_phone=\u00bb70%\u00bb width_last_edited=\u00bbon|desktop\u00bb max_width=\u00bb1680px\u00bb custom_padding=\u00bb||51px|||\u00bb global_colors_info=\u00bb{}\u00bb][et_pb_column type=\u00bb1_5&#8243; _builder_version=\u00bb4.19.5&#8243; _module_preset=\u00bbdefault\u00bb global_colors_info=\u00bb{}\u00bb][et_pb_icon font_icon=\u00bb&#xf74d;||fa||900&#8243; icon_color=\u00bb#ECDFD2&#8243; icon_width=\u00bb48px\u00bb _builder_version=\u00bb4.19.5&#8243; _module_preset=\u00bbdefault\u00bb custom_margin_tablet=\u00bb\u00bb custom_margin_phone=\u00bb\u00bb custom_margin_last_edited=\u00bbon|desktop\u00bb global_colors_info=\u00bb{}\u00bb][\/et_pb_icon][et_pb_text _builder_version=\u00bb4.20.2&#8243; _module_preset=\u00bbdefault\u00bb text_font=\u00bb||||||||\u00bb text_text_color=\u00bb#ECDFD2&#8243; text_font_size=\u00bb18px\u00bb text_orientation=\u00bbcenter\u00bb global_colors_info=\u00bb{}\u00bb]<\/p>\n<p>Soy Biling\u00fce<\/p>\n<p>[\/et_pb_text][et_pb_text _builder_version=\u00bb4.20.2&#8243; _module_preset=\u00bbdefault\u00bb text_text_color=\u00bb#33383C\u00bb custom_padding_tablet=\u00bb\u00bb custom_padding_phone=\u00bb||52px||false|false\u00bb custom_padding_last_edited=\u00bbon|phone\u00bb global_colors_info=\u00bb{}\u00bb]<\/p>\n<p>Tu hijo lleva ingl\u00e9s la mitad del tiempo, reforzando las cuatro habilidades comunicativas del idioma.<\/p>\n<p>[\/et_pb_text][\/et_pb_column][et_pb_column type=\u00bb1_5&#8243; _builder_version=\u00bb4.19.5&#8243; _module_preset=\u00bbdefault\u00bb global_colors_info=\u00bb{}\u00bb][et_pb_icon font_icon=\u00bb&#xe06a;||divi||400&#8243; icon_color=\u00bb#ECDFD2&#8243; icon_width=\u00bb48px\u00bb _builder_version=\u00bb4.19.5&#8243; _module_preset=\u00bbdefault\u00bb global_colors_info=\u00bb{}\u00bb][\/et_pb_icon][et_pb_text _builder_version=\u00bb4.20.2&#8243; _module_preset=\u00bbdefault\u00bb text_font=\u00bb||||||||\u00bb text_text_color=\u00bb#ECDFD2&#8243; text_font_size=\u00bb18px\u00bb text_orientation=\u00bbcenter\u00bb global_colors_info=\u00bb{}\u00bb]<\/p>\n<p>Mi Lengua Materna<\/p>\n<p>[\/et_pb_text][et_pb_text _builder_version=\u00bb4.20.2&#8243; _module_preset=\u00bbdefault\u00bb text_text_color=\u00bb#33383C\u00bb custom_padding_tablet=\u00bb\u00bb custom_padding_phone=\u00bb||52px||false|false\u00bb custom_padding_last_edited=\u00bbon|phone\u00bb global_colors_info=\u00bb{}\u00bb]<\/p>\n<p>Se fomenta en tu hijo aprecio por la lectura y lengua espa\u00f1ola, trabajando ortograf\u00eda, gram\u00e1tica, escritura, etimolog\u00eda y lenguaje.<\/p>\n<p>[\/et_pb_text][\/et_pb_column][et_pb_column type=\u00bb1_5&#8243; _builder_version=\u00bb4.19.5&#8243; _module_preset=\u00bbdefault\u00bb global_colors_info=\u00bb{}\u00bb][et_pb_icon font_icon=\u00bb&#xf439;||fa||900&#8243; icon_color=\u00bb#ECDFD2&#8243; icon_width=\u00bb48px\u00bb _builder_version=\u00bb4.19.5&#8243; _module_preset=\u00bbdefault\u00bb global_colors_info=\u00bb{}\u00bb][\/et_pb_icon][et_pb_text _builder_version=\u00bb4.20.2&#8243; _module_preset=\u00bbdefault\u00bb text_font=\u00bb||||||||\u00bb text_text_color=\u00bb#ECDFD2&#8243; text_font_size=\u00bb18px\u00bb text_orientation=\u00bbcenter\u00bb global_colors_info=\u00bb{}\u00bb]<\/p>\n<p>Soy L\u00edder Nueva Raza<\/p>\n<p>[\/et_pb_text][et_pb_text _builder_version=\u00bb4.20.2&#8243; _module_preset=\u00bbdefault\u00bb text_text_color=\u00bb#33383C\u00bb custom_padding_tablet=\u00bb\u00bb custom_padding_phone=\u00bb||52px||false|false\u00bb custom_padding_last_edited=\u00bbon|phone\u00bb global_colors_info=\u00bb{}\u00bb]<\/p>\n<p>\u00c1rea socioemocional donde tu hijo aprende y pone en pr\u00e1ctica valores y habilidades de un buen l\u00edder y miembro de la sociedad<\/p>\n<p>[\/et_pb_text][\/et_pb_column][et_pb_column type=\u00bb1_5&#8243; _builder_version=\u00bb4.19.5&#8243; _module_preset=\u00bbdefault\u00bb global_colors_info=\u00bb{}\u00bb][et_pb_icon font_icon=\u00bb&#xf121;||fa||900&#8243; icon_color=\u00bb#ECDFD2&#8243; icon_width=\u00bb48px\u00bb _builder_version=\u00bb4.19.5&#8243; _module_preset=\u00bbdefault\u00bb global_colors_info=\u00bb{}\u00bb][\/et_pb_icon][et_pb_text _builder_version=\u00bb4.20.2&#8243; _module_preset=\u00bbdefault\u00bb text_font=\u00bb||||||||\u00bb text_text_color=\u00bb#ECDFD2&#8243; text_font_size=\u00bb18px\u00bb text_orientation=\u00bbcenter\u00bb global_colors_info=\u00bb{}\u00bb]<\/p>\n<p>Mate para la Vida<\/p>\n<p>[\/et_pb_text][et_pb_text _builder_version=\u00bb4.20.2&#8243; _module_preset=\u00bbdefault\u00bb text_text_color=\u00bb#33383C\u00bb custom_padding_tablet=\u00bb\u00bb custom_padding_phone=\u00bb||52px||false|false\u00bb custom_padding_last_edited=\u00bbon|phone\u00bb global_colors_info=\u00bb{}\u00bb]<\/p>\n<p>Tu hijo aprende matem\u00e1ticas de forma pr\u00e1ctica y amena, entendiendo c\u00f3mo aplicarla en su d\u00eda a d\u00eda.<\/p>\n<p>[\/et_pb_text][\/et_pb_column][et_pb_column type=\u00bb1_5&#8243; _builder_version=\u00bb4.19.5&#8243; _module_preset=\u00bbdefault\u00bb global_colors_info=\u00bb{}\u00bb][et_pb_icon font_icon=\u00bb&#xe08e;||divi||400&#8243; icon_color=\u00bb#ECDFD2&#8243; icon_width=\u00bb48px\u00bb _builder_version=\u00bb4.19.5&#8243; _module_preset=\u00bbdefault\u00bb global_colors_info=\u00bb{}\u00bb][\/et_pb_icon][et_pb_text _builder_version=\u00bb4.20.2&#8243; _module_preset=\u00bbdefault\u00bb text_font=\u00bb||||||||\u00bb text_text_color=\u00bb#ECDFD2&#8243; text_font_size=\u00bb18px\u00bb text_orientation=\u00bbcenter\u00bb global_colors_info=\u00bb{}\u00bb]<\/p>\n<p>Encuentro y Fortalezco mis Habilidades Complementarias<\/p>\n<p>[\/et_pb_text][et_pb_text _builder_version=\u00bb4.20.2&#8243; _module_preset=\u00bbdefault\u00bb text_text_color=\u00bb#33383C\u00bb custom_padding_tablet=\u00bb\u00bb custom_padding_phone=\u00bb||5px||false|false\u00bb custom_padding_last_edited=\u00bbon|phone\u00bb global_colors_info=\u00bb{}\u00bb]<\/p>\n<p>Tu hijo desarrolla habilidades complementarias con asignaturas de m\u00fasica, arte, danza y tecnolog\u00eda.<\/p>\n<p>[\/et_pb_text][\/et_pb_column][\/et_pb_row][\/et_pb_section][et_pb_section fb_built=\u00bb1&#8243; fullwidth=\u00bbon\u00bb _builder_version=\u00bb4.19.5&#8243; _module_preset=\u00bbdefault\u00bb global_colors_info=\u00bb{}\u00bb][et_pb_fullwidth_slider show_arrows=\u00bboff\u00bb show_pagination=\u00bboff\u00bb _builder_version=\u00bb4.20.2&#8243; _module_preset=\u00bbdefault\u00bb background_color=\u00bb#A95936&#8243; text_orientation=\u00bbleft\u00bb custom_padding=\u00bb98px||99px|||\u00bb header_font_size_tablet=\u00bb\u00bb header_font_size_phone=\u00bb32px\u00bb header_font_size_last_edited=\u00bbon|phone\u00bb global_colors_info=\u00bb{}\u00bb][et_pb_slide heading=\u00bbFavorecemos la Educaci\u00f3n Personalizada\u00bb _builder_version=\u00bb4.20.2&#8243; _module_preset=\u00bbdefault\u00bb header_text_align=\u00bbleft\u00bb header_text_color=\u00bb#ECDFD2&#8243; header_letter_spacing=\u00bb0px\u00bb header_line_height=\u00bb1.1em\u00bb body_text_align=\u00bbleft\u00bb body_text_color=\u00bb#ECDFD2&#8243; body_font_size=\u00bb18px\u00bb background_color=\u00bb#A95936&#8243; background_enable_color=\u00bbon\u00bb width=\u00bb70%\u00bb width_tablet=\u00bb70%\u00bb width_phone=\u00bb90%\u00bb width_last_edited=\u00bbon|phone\u00bb header_font_tablet=\u00bb\u00bb header_font_phone=\u00bb\u00bb header_font_last_edited=\u00bbon|phone\u00bb header_font_size_tablet=\u00bb\u00bb header_font_size_phone=\u00bb28px\u00bb header_font_size_last_edited=\u00bbon|desktop\u00bb body_font_size_tablet=\u00bb18px\u00bb body_font_size_phone=\u00bb18px\u00bb body_font_size_last_edited=\u00bbon|desktop\u00bb header_text_shadow_style=\u00bbpreset2&#8243; global_colors_info=\u00bb{}\u00bb sticky_transition=\u00bbon\u00bb]<\/p>\n<blockquote>\n<p>Nuestros grupos se mantienen \u00abreducidos o menos\u00bb, con cupos que van de 12 a 20 alumnos, pero reduciendo el tope m\u00e1ximo si la generaci\u00f3n lo necesita, ya que priorizamos a los alumnos y no los cupos<\/p>\n<\/blockquote>\n<p>[\/et_pb_slide][\/et_pb_fullwidth_slider][\/et_pb_section]<\/p>\n","protected":false},"excerpt":{"rendered":"<p>Soy Biling\u00fceTu hijo lleva ingl\u00e9s la mitad del tiempo, reforzando las cuatro habilidades comunicativas del idioma.Mi Lengua MaternaSe fomenta en tu hijo aprecio por la lectura y lengua espa\u00f1ola, trabajando ortograf\u00eda, gram\u00e1tica, escritura, etimolog\u00eda y lenguaje.Soy L\u00edder Nueva Raza\u00c1rea socioemocional donde tu hijo aprende y pone en pr\u00e1ctica valores y habilidades de un buen l\u00edder [&hellip;]<\/p>\n","protected":false},"author":1,"featured_media":0,"parent":0,"menu_order":0,"comment_status":"closed","ping_status":"closed","template":"","meta":{"_et_pb_use_builder":"on","_et_pb_old_content":"","_et_gb_content_width":"","footnotes":""},"class_list":["post-19","page","type-page","status-publish","hentry"],"_links":{"self":[{"href":"https:\/\/nuevaraza.edu.mx\/index.php?rest_route=\/wp\/v2\/pages\/19","targetHints":{"allow":["GET"]}}],"collection":[{"href":"https:\/\/nuevaraza.edu.mx\/index.php?rest_route=\/wp\/v2\/pages"}],"about":[{"href":"https:\/\/nuevaraza.edu.mx\/index.php?rest_route=\/wp\/v2\/types\/page"}],"author":[{"embeddable":true,"href":"https:\/\/nuevaraza.edu.mx\/index.php?rest_route=\/wp\/v2\/users\/1"}],"replies":[{"embeddable":true,"href":"https:\/\/nuevaraza.edu.mx\/index.php?rest_route=%2Fwp%2Fv2%2Fcomments&post=19"}],"version-history":[{"count":5,"href":"https:\/\/nuevaraza.edu.mx\/index.php?rest_route=\/wp\/v2\/pages\/19\/revisions"}],"predecessor-version":[{"id":71,"href":"https:\/\/nuevaraza.edu.mx\/index.php?rest_route=\/wp\/v2\/pages\/19\/revisions\/71"}],"wp:attachment":[{"href":"https:\/\/nuevaraza.edu.mx\/index.php?rest_route=%2Fwp%2Fv2%2Fmedia&parent=19"}],"curies":[{"name":"wp","href":"https:\/\/api.w.org\/{rel}","templated":true}]}}