{"id":38,"date":"2023-03-17T19:16:31","date_gmt":"2023-03-17T19:16:31","guid":{"rendered":"https:\/\/nuevaraza.edu.mx\/?page_id=38"},"modified":"2023-03-17T19:53:31","modified_gmt":"2023-03-17T19:53:31","slug":"quienes-somos","status":"publish","type":"page","link":"https:\/\/nuevaraza.edu.mx\/?page_id=38","title":{"rendered":"QUIENES SOMOS"},"content":{"rendered":"<p>[et_pb_section fb_built=\u00bb1&#8243; _builder_version=\u00bb4.16&#8243; _module_preset=\u00bbdefault\u00bb background_color=\u00bb#1E8CB8&#8243; min_height=\u00bb360.2px\u00bb custom_padding=\u00bb43px||0px|||\u00bb global_colors_info=\u00bb{}\u00bb][et_pb_row _builder_version=\u00bb4.16&#8243; _module_preset=\u00bbdefault\u00bb width=\u00bb100%\u00bb max_width=\u00bb1920px\u00bb module_alignment=\u00bbcenter\u00bb custom_margin=\u00bb-14px|auto|-2px|auto||\u00bb custom_padding=\u00bb65px||63px|||\u00bb global_colors_info=\u00bb{}\u00bb][et_pb_column type=\u00bb4_4&#8243; _builder_version=\u00bb4.16&#8243; _module_preset=\u00bbdefault\u00bb global_colors_info=\u00bb{}\u00bb][et_pb_text admin_label=\u00bbTitle\u00bb _builder_version=\u00bb4.20.0&#8243; _module_preset=\u00bbdefault\u00bb text_font=\u00bbRubik|500|||||||\u00bb text_text_color=\u00bbRGBA(255,255,255,0)\u00bb text_font_size=\u00bb16px\u00bb text_line_height=\u00bb2em\u00bb quote_font=\u00bb||||||||\u00bb header_font=\u00bb||||||||\u00bb header_text_color=\u00bb#33383C\u00bb header_2_font=\u00bbCabin Sketch|700||on|||||\u00bb header_2_font_size=\u00bb30px\u00bb header_2_letter_spacing=\u00bb6px\u00bb header_2_line_height=\u00bb1.4em\u00bb header_5_font=\u00bbRubik|700||on|||||\u00bb header_5_text_color=\u00bb#ff9c02&#8243; header_5_letter_spacing=\u00bb5px\u00bb header_5_line_height=\u00bb1.2em\u00bb background_layout=\u00bbdark\u00bb width=\u00bb80%\u00bb max_width=\u00bb1900px\u00bb max_width_tablet=\u00bb\u00bb max_width_phone=\u00bb\u00bb max_width_last_edited=\u00bbon|phone\u00bb module_alignment=\u00bbcenter\u00bb min_height=\u00bb233px\u00bb custom_margin=\u00bb||10px|||\u00bb custom_margin_tablet=\u00bb|70px||70px\u00bb custom_margin_phone=\u00bb|50px||50px\u00bb custom_margin_last_edited=\u00bboff|desktop\u00bb custom_padding=\u00bb42px||0px|||\u00bb text_line_height_last_edited=\u00bboff|desktop\u00bb header_2_font_size_tablet=\u00bb\u00bb header_2_font_size_phone=\u00bb30px\u00bb header_2_font_size_last_edited=\u00bbon|phone\u00bb locked=\u00bboff\u00bb inline_fonts=\u00bbSacramento\u00bb global_colors_info=\u00bb{}\u00bb]<\/p>\n<h2 style=\"text-align: center;\">SOMOS EL CAUCE QUE IMPULSA PERSONAS A ALCANZAR UNA EDUCACI\u00d3N CON PROP\u00d3SITO, INSTRUYENDO EN VALORES, DESARROLLANDO HABILIDADES ART\u00cdSTICAS, SIENDO UN SEGUNDO HOGAR<\/h2>\n<p>[\/et_pb_text][\/et_pb_column][\/et_pb_row][\/et_pb_section][et_pb_section fb_built=\u00bb1&#8243; fullwidth=\u00bbon\u00bb _builder_version=\u00bb4.19.5&#8243; _module_preset=\u00bbdefault\u00bb hover_enabled=\u00bb0&#8243; global_colors_info=\u00bb{}\u00bb sticky_enabled=\u00bb0&#8243;][et_pb_fullwidth_header _builder_version=\u00bb4.20.2&#8243; _module_preset=\u00bbb7da3859-f2bb-4c80-9c08-31566bddea0c\u00bb content_font=\u00bb||||||||\u00bb content_text_color=\u00bb#33383C\u00bb content_font_size=\u00bb22px\u00bb content_line_height=\u00bb1.8em\u00bb background_color=\u00bb#BCD5D6&#8243; use_background_color_gradient=\u00bboff\u00bb module_alignment=\u00bbcenter\u00bb custom_padding=\u00bb0vw|0px|0vw|0px||\u00bb hover_enabled=\u00bb0&#8243; saved_tabs=\u00bball\u00bb global_colors_info=\u00bb{}\u00bb animation_style=\u00bbnone\u00bb sticky_enabled=\u00bb0&#8243;]<\/p>\n<p>Somos un colegio biling\u00fce fundado en 1991, \u00a0con presencia en la Ciudad de M\u00e9xico y Quer\u00e9taro<\/p>\n<p>[\/et_pb_fullwidth_header][\/et_pb_section][et_pb_section fb_built=\u00bb1&#8243; background_color_gradient_stops_1=\u00bb#2b87da 0%|#c7cbd4 100%\u00bb background_color_gradient_end_1=\u00bb#c7cbd4&#8243; admin_label=\u00bbFeature\u00bb _builder_version=\u00bb4.16&#8243; _module_preset=\u00bbdefault\u00bb background_color=\u00bb#33383C\u00bb custom_padding=\u00bb0|0px|0|0px|false|false\u00bb locked=\u00bboff\u00bb global_colors_info=\u00bb{}\u00bb][et_pb_row column_structure=\u00bb1_2,1_2&#8243; use_custom_gutter=\u00bbon\u00bb gutter_width=\u00bb1&#8243; make_equal=\u00bbon\u00bb padding_top_bottom_link_1=\u00bbtrue\u00bb padding_top_bottom_link_2=\u00bbtrue\u00bb module_class=\u00bb et_pb_row_fullwidth\u00bb _builder_version=\u00bb4.16&#8243; _module_preset=\u00bbdefault\u00bb background_color=\u00bb#33383C\u00bb width=\u00bb100%\u00bb width_tablet=\u00bb100%\u00bb width_phone=\u00bb\u00bb width_last_edited=\u00bbon|desktop\u00bb max_width=\u00bb100%\u00bb max_width_tablet=\u00bb100%\u00bb max_width_phone=\u00bb\u00bb max_width_last_edited=\u00bbon|desktop\u00bb custom_padding=\u00bb0px|0px|0px|0px||\u00bb make_fullwidth=\u00bbon\u00bb global_colors_info=\u00bb{}\u00bb][et_pb_column type=\u00bb1_2&#8243; _builder_version=\u00bb4.16&#8243; _module_preset=\u00bbdefault\u00bb background_color=\u00bb#33383C\u00bb custom_padding=\u00bb120px|80px|120px|10%\u00bb custom_padding_tablet=\u00bb|10%||10%||true\u00bb custom_padding_phone=\u00bb\u00bb custom_padding_last_edited=\u00bbon|tablet\u00bb global_colors_info=\u00bb{}\u00bb padding_tablet=\u00bb|10%||10%||true\u00bb padding_last_edited=\u00bbon|tablet\u00bb custom_padding__hover=\u00bb|||\u00bb padding_phone=\u00bb|10%||10%||true\u00bb][et_pb_text admin_label=\u00bbTitle\u00bb _builder_version=\u00bb4.16&#8243; _module_preset=\u00bbdefault\u00bb text_font=\u00bbRubik|500|||||||\u00bb text_text_color=\u00bb#C2C6B1&#8243; text_font_size=\u00bb16px\u00bb text_line_height=\u00bb2em\u00bb quote_font=\u00bb||||||||\u00bb header_font=\u00bb||||||||\u00bb header_text_color=\u00bb#BCD5D6&#8243; header_2_font=\u00bbCabin Sketch|700||on|||||\u00bb header_2_font_size=\u00bb40px\u00bb header_2_letter_spacing=\u00bb6px\u00bb header_2_line_height=\u00bb1.4em\u00bb header_5_font=\u00bbRubik|700||on|||||\u00bb header_5_text_color=\u00bb#68BFB1&#8243; header_5_letter_spacing=\u00bb5px\u00bb header_5_line_height=\u00bb1.2em\u00bb background_color=\u00bbRGBA(0,0,0,0)\u00bb max_width=\u00bb600px\u00bb max_width_tablet=\u00bb\u00bb max_width_phone=\u00bb\u00bb max_width_last_edited=\u00bbon|phone\u00bb custom_margin=\u00bb-41px|||||\u00bb custom_margin_tablet=\u00bb|70px||70px\u00bb custom_margin_phone=\u00bb|50px||50px\u00bb custom_margin_last_edited=\u00bboff|desktop\u00bb custom_padding=\u00bb||0px|||\u00bb text_line_height_last_edited=\u00bboff|desktop\u00bb header_2_font_size_tablet=\u00bb\u00bb header_2_font_size_phone=\u00bb30px\u00bb header_2_font_size_last_edited=\u00bbon|phone\u00bb saved_tabs=\u00bball\u00bb locked=\u00bboff\u00bb inline_fonts=\u00bbSacramento\u00bb global_colors_info=\u00bb{}\u00bb]<\/p>\n<h5>en qu\u00e9<\/h5>\n<p>[\/et_pb_text][et_pb_text admin_label=\u00bbTitle\u00bb _builder_version=\u00bb4.16&#8243; _module_preset=\u00bbdefault\u00bb text_font=\u00bbRubik|500|||||||\u00bb text_font_size=\u00bb16px\u00bb text_line_height=\u00bb2em\u00bb quote_font=\u00bb||||||||\u00bb header_font=\u00bb||||||||\u00bb header_2_font=\u00bbCabin Sketch|700||on|||||\u00bb header_2_font_size=\u00bb40px\u00bb header_2_letter_spacing=\u00bb6px\u00bb header_2_line_height=\u00bb1.4em\u00bb header_5_font=\u00bbRubik|700||on|||||\u00bb header_5_text_color=\u00bb#ff9c02&#8243; header_5_letter_spacing=\u00bb5px\u00bb header_5_line_height=\u00bb1.2em\u00bb background_layout=\u00bbdark\u00bb max_width=\u00bb600px\u00bb max_width_tablet=\u00bb\u00bb max_width_phone=\u00bb\u00bb max_width_last_edited=\u00bbon|phone\u00bb custom_margin=\u00bb|||\u00bb custom_margin_tablet=\u00bb|70px||70px\u00bb custom_margin_phone=\u00bb|50px||50px\u00bb custom_margin_last_edited=\u00bboff|desktop\u00bb custom_padding=\u00bb||0px|||\u00bb text_line_height_last_edited=\u00bboff|desktop\u00bb header_2_font_size_tablet=\u00bb\u00bb header_2_font_size_phone=\u00bb30px\u00bb header_2_font_size_last_edited=\u00bbon|phone\u00bb saved_tabs=\u00bball\u00bb locked=\u00bboff\u00bb inline_fonts=\u00bbSacramento\u00bb global_colors_info=\u00bb{}\u00bb]<\/p>\n<h2>creemos<\/h2>\n<p>[\/et_pb_text][et_pb_text _builder_version=\u00bb4.19.5&#8243; _module_preset=\u00bbdefault\u00bb text_text_color=\u00bb#C2C6B1&#8243; text_font_size=\u00bb16px\u00bb global_colors_info=\u00bb{}\u00bb]<\/p>\n<p>Creemos que cada ni\u00f1o es \u00fanico y que sus habilidades y caracter\u00edsticas unidas a una formaci\u00f3n con prop\u00f3sito, constituyen el potencial que le ayudar\u00e1 a alcanzar un desarrollo pleno.<\/p>\n<p>Creemos en aplicar el coraz\u00f3n a la ense\u00f1anza, entendiendo \u00abcoraz\u00f3n\u00bb como el n\u00facleo donde se une el amor y la pasi\u00f3n por lo que se hace, con el conocimiento y los valores que nos forman.<\/p>\n<p>Creemos que afinar el o\u00eddo y escuchar en su tiempo, constituye una base firme de comunicaci\u00f3n, donde alumno, padre, maestro y escuela, enriquecen el aprendizaje.<\/p>\n<p>Creemos en favorecer la educaci\u00f3n personalizada. Por eso nuestros grupos se mantienen como \u00abreducidos o menos\u00bb, ya que si la generaci\u00f3n lo requiere, bajamos el tope m\u00e1ximo del grupo priorizando los requerimientos educativos de los alumnos, facilitando a la vez, el uso de estrategias de educaci\u00f3n personalizada cuando el alumno lo necesita.<\/p>\n<p>Creemos que la educaci\u00f3n de excelencia debe ser asequible. Gracias al credo de los fundadores aplicado a este proyecto educativo, se anteponen los requerimientos de aprendizaje a exceso de lujos y adornos, permiti\u00e9ndonos ofrecer las colegiaturas m\u00e1s competitivas del mercado en comparaci\u00f3n de costo-beneficio. De esta manera brindamos a los padres trabajadores la oportunidad de poder invertir en una educaci\u00f3n de excelencia para sus hijos.<\/p>\n<p>Creemos que una vida plena no se logra solo con conocimientos, por eso hacemos del \u00e1rea socioemocional y formativa en valores, una de las bases curriculares. Ejercitamos las habilidades de un buen l\u00edder a la par que instru\u00edmos en nuestros valores, inculcando la tolerancia y el rechazo a clasismo, racismo y elitismo.<\/p>\n<p>Creemos que cualquier ser humano puede crecer y superarse cuando trabaja con un prop\u00f3sito claro y hace sinergia entre sus conocimientos y valores. Nuestro nombre representa ese momento cuando el individuo trasciende, descubriendo un nuevo mundo plet\u00f3rico de cultura y conocimiento; volvi\u00e9ndose parte de una Nueva Raza.\u00a0<\/p>\n<p>[\/et_pb_text][\/et_pb_column][et_pb_column type=\u00bb1_2&#8243; _builder_version=\u00bb4.16&#8243; _module_preset=\u00bbdefault\u00bb background_color_gradient_direction=\u00bb90deg\u00bb background_image=\u00bbhttps:\/\/nuevaraza.edu.mx\/wp-content\/uploads\/2023\/03\/pencils.jpg\u00bb custom_padding=\u00bb120px|10%|120px|80px\u00bb custom_padding_tablet=\u00bb|10%||10%||true\u00bb custom_padding_phone=\u00bb\u00bb custom_padding_last_edited=\u00bbon|tablet\u00bb global_colors_info=\u00bb{}\u00bb padding_tablet=\u00bb|10%||10%||true\u00bb padding_last_edited=\u00bbon|tablet\u00bb custom_padding__hover=\u00bb|||\u00bb padding_phone=\u00bb|10%||10%||true\u00bb][\/et_pb_column][\/et_pb_row][\/et_pb_section][et_pb_section fb_built=\u00bb1&#8243; admin_label=\u00bbVideo\u00bb _builder_version=\u00bb4.16&#8243; _module_preset=\u00bbdefault\u00bb background_color=\u00bb#A95936&#8243; background_image=\u00bbhttps:\/\/nuevaraza.edu.mx\/wp-content\/uploads\/2023\/03\/shapes-bg-1.png\u00bb parallax=\u00bbon\u00bb custom_padding=\u00bb76px||15px|||\u00bb global_colors_info=\u00bb{}\u00bb][et_pb_row _builder_version=\u00bb4.19.5&#8243; _module_preset=\u00bbdefault\u00bb min_height=\u00bb325px\u00bb custom_padding=\u00bb||4px|||\u00bb global_colors_info=\u00bb{}\u00bb][et_pb_column type=\u00bb4_4&#8243; _builder_version=\u00bb4.19.5&#8243; _module_preset=\u00bbdefault\u00bb global_colors_info=\u00bb{}\u00bb][et_pb_text admin_label=\u00bbTitle\u00bb _builder_version=\u00bb4.19.5&#8243; _module_preset=\u00bbdefault\u00bb text_font=\u00bbRubik|500|||||||\u00bb text_text_color=\u00bb#DAA447&#8243; text_font_size=\u00bb16px\u00bb text_line_height=\u00bb2em\u00bb quote_font=\u00bb||||||||\u00bb header_font=\u00bb||||||||\u00bb header_text_color=\u00bb#DAA447&#8243; header_2_font=\u00bbCabin Sketch|700||on|||||\u00bb header_2_text_color=\u00bb#DAA447&#8243; header_2_font_size=\u00bb40px\u00bb header_2_letter_spacing=\u00bb6px\u00bb header_2_line_height=\u00bb1.4em\u00bb header_5_font=\u00bbRubik|700||on|||||\u00bb header_5_text_color=\u00bb#DAA447&#8243; header_5_letter_spacing=\u00bb5px\u00bb header_5_line_height=\u00bb1.2em\u00bb background_color=\u00bbRGBA(0,0,0,0)\u00bb max_width=\u00bb600px\u00bb max_width_tablet=\u00bb\u00bb max_width_phone=\u00bb\u00bb max_width_last_edited=\u00bbon|phone\u00bb custom_margin=\u00bb||-2px|||\u00bb custom_margin_tablet=\u00bb|70px||70px\u00bb custom_margin_phone=\u00bb|50px||50px\u00bb custom_margin_last_edited=\u00bboff|desktop\u00bb custom_padding=\u00bb||0px|||\u00bb text_line_height_last_edited=\u00bboff|desktop\u00bb header_2_font_size_tablet=\u00bb\u00bb header_2_font_size_phone=\u00bb30px\u00bb header_2_font_size_last_edited=\u00bbon|phone\u00bb saved_tabs=\u00bball\u00bb locked=\u00bboff\u00bb inline_fonts=\u00bbSacramento\u00bb global_colors_info=\u00bb{}\u00bb]<\/p>\n<h5>por qu\u00e9<\/h5>\n<p>[\/et_pb_text][et_pb_text admin_label=\u00bbTitle\u00bb _builder_version=\u00bb4.19.5&#8243; _module_preset=\u00bbdefault\u00bb text_font=\u00bbRubik|500|||||||\u00bb text_font_size=\u00bb16px\u00bb text_line_height=\u00bb2em\u00bb quote_font=\u00bb||||||||\u00bb header_font=\u00bb||||||||\u00bb header_2_font=\u00bbCabin Sketch|700||on|||||\u00bb header_2_font_size=\u00bb40px\u00bb header_2_letter_spacing=\u00bb6px\u00bb header_2_line_height=\u00bb1.4em\u00bb header_5_font=\u00bbRubik|700||on|||||\u00bb header_5_text_color=\u00bb#ff9c02&#8243; header_5_letter_spacing=\u00bb5px\u00bb header_5_line_height=\u00bb1.2em\u00bb background_layout=\u00bbdark\u00bb max_width=\u00bb600px\u00bb max_width_tablet=\u00bb\u00bb max_width_phone=\u00bb\u00bb max_width_last_edited=\u00bbon|phone\u00bb custom_margin=\u00bb4px||4px|||\u00bb custom_margin_tablet=\u00bb|70px||70px\u00bb custom_margin_phone=\u00bb|50px||50px\u00bb custom_margin_last_edited=\u00bboff|desktop\u00bb custom_padding=\u00bb||0px|||\u00bb text_line_height_last_edited=\u00bboff|desktop\u00bb header_2_font_size_tablet=\u00bb\u00bb header_2_font_size_phone=\u00bb30px\u00bb header_2_font_size_last_edited=\u00bbon|phone\u00bb saved_tabs=\u00bball\u00bb locked=\u00bboff\u00bb inline_fonts=\u00bbSacramento\u00bb global_colors_info=\u00bb{}\u00bb]<\/p>\n<h2>NUEVA RAZA<\/h2>\n<p>[\/et_pb_text][et_pb_text _builder_version=\u00bb4.19.5&#8243; _module_preset=\u00bbdefault\u00bb text_font=\u00bb||||||||\u00bb text_text_color=\u00bb#ECDFD2&#8243; text_font_size=\u00bb18px\u00bb global_colors_info=\u00bb{}\u00bb]<\/p>\n<p>Como ya se dijo, nuestro nombre representa <em>ese momento de trascendencia individual<\/em>, pero tambi\u00e9n, la <em>virtud de entender<\/em> que, a pesar de nuestras <em>diferencias de apariencia<\/em>, todas las razas, naciones y culturas somos parte de un mismo c\u00f3digo gen\u00e9tico: el genoma humano*.<\/p>\n<p>Nueva Raza impulsa la convicci\u00f3n de que es posible desvanecer las <em>aparentes diferencias,<\/em> cuando entendemos que todos descendemos de una misma ra\u00edz, familia, linaje o raza.<\/p>\n<p>&nbsp;<\/p>\n<p>[\/et_pb_text][\/et_pb_column][\/et_pb_row][\/et_pb_section][et_pb_section fb_built=\u00bb1&#8243; background_color_gradient_stops_1=\u00bb#2b87da 0%|#c7cbd4 100%\u00bb background_color_gradient_end_1=\u00bb#c7cbd4&#8243; admin_label=\u00bbFeature\u00bb _builder_version=\u00bb4.16&#8243; _module_preset=\u00bbdefault\u00bb custom_padding=\u00bb0|0px|0|0px|false|false\u00bb locked=\u00bboff\u00bb global_colors_info=\u00bb{}\u00bb][et_pb_row column_structure=\u00bb2_5,3_5&#8243; use_custom_gutter=\u00bbon\u00bb gutter_width=\u00bb1&#8243; make_equal=\u00bbon\u00bb padding_top_bottom_link_1=\u00bbtrue\u00bb padding_top_bottom_link_2=\u00bbtrue\u00bb module_class=\u00bb et_pb_row_fullwidth\u00bb _builder_version=\u00bb4.19.5&#8243; _module_preset=\u00bbdefault\u00bb background_color=\u00bb#e8ecef\u00bb width=\u00bb100%\u00bb width_tablet=\u00bb100%\u00bb width_phone=\u00bb\u00bb width_last_edited=\u00bbon|desktop\u00bb max_width=\u00bb100%\u00bb max_width_tablet=\u00bb100%\u00bb max_width_phone=\u00bb\u00bb max_width_last_edited=\u00bbon|desktop\u00bb custom_padding=\u00bb0px|0px|0px|0px\u00bb make_fullwidth=\u00bbon\u00bb global_colors_info=\u00bb{}\u00bb][et_pb_column type=\u00bb2_5&#8243; _builder_version=\u00bb4.19.5&#8243; _module_preset=\u00bbdefault\u00bb background_color=\u00bbRGBA(0,0,0,0)\u00bb background_image=\u00bbhttps:\/\/nuevaraza.edu.mx\/wp-content\/uploads\/2023\/03\/Valores.jpg\u00bb parallax=\u00bbon\u00bb custom_padding=\u00bb120px|80px|120px|10%\u00bb custom_padding_tablet=\u00bb|10%||10%||true\u00bb custom_padding_phone=\u00bb\u00bb custom_padding_last_edited=\u00bbon|tablet\u00bb global_colors_info=\u00bb{}\u00bb padding_tablet=\u00bb|10%||10%||true\u00bb padding_last_edited=\u00bbon|tablet\u00bb custom_padding__hover=\u00bb|||\u00bb padding_phone=\u00bb|10%||10%||true\u00bb][\/et_pb_column][et_pb_column type=\u00bb3_5&#8243; _builder_version=\u00bb4.19.5&#8243; _module_preset=\u00bbdefault\u00bb background_color=\u00bb#BCD5D6&#8243; background_color_gradient_direction=\u00bb90deg\u00bb custom_padding=\u00bb120px|10%|120px|80px\u00bb custom_padding_tablet=\u00bb|10%||10%||true\u00bb custom_padding_phone=\u00bb\u00bb custom_padding_last_edited=\u00bbon|tablet\u00bb global_colors_info=\u00bb{}\u00bb padding_tablet=\u00bb|10%||10%||true\u00bb padding_last_edited=\u00bbon|tablet\u00bb custom_padding__hover=\u00bb|||\u00bb padding_phone=\u00bb|10%||10%||true\u00bb][et_pb_text admin_label=\u00bbTitle\u00bb _builder_version=\u00bb4.19.5&#8243; _module_preset=\u00bbdefault\u00bb text_font=\u00bbRubik|500|||||||\u00bb text_font_size=\u00bb16px\u00bb text_line_height=\u00bb2em\u00bb quote_font=\u00bb||||||||\u00bb header_font=\u00bb||||||||\u00bb header_2_font=\u00bbCabin Sketch|700||on|||||\u00bb header_2_text_color=\u00bb#33383C\u00bb header_2_font_size=\u00bb40px\u00bb header_2_letter_spacing=\u00bb6px\u00bb header_2_line_height=\u00bb1.4em\u00bb header_5_font=\u00bbRubik|700||on|||||\u00bb header_5_text_color=\u00bb#1E8CB8&#8243; header_5_letter_spacing=\u00bb5px\u00bb header_5_line_height=\u00bb1.2em\u00bb max_width=\u00bb600px\u00bb max_width_tablet=\u00bb\u00bb max_width_phone=\u00bb\u00bb max_width_last_edited=\u00bbon|phone\u00bb custom_margin=\u00bb-23px||5px|||\u00bb custom_margin_tablet=\u00bb|70px||70px\u00bb custom_margin_phone=\u00bb|50px||50px\u00bb custom_margin_last_edited=\u00bboff|desktop\u00bb custom_padding=\u00bb||0px|||\u00bb text_line_height_last_edited=\u00bboff|desktop\u00bb header_2_font_size_tablet=\u00bb\u00bb header_2_font_size_phone=\u00bb30px\u00bb header_2_font_size_last_edited=\u00bbon|phone\u00bb locked=\u00bboff\u00bb inline_fonts=\u00bbSacramento\u00bb global_colors_info=\u00bb{}\u00bb]<\/p>\n<h5>Nuestros<\/h5>\n<h2>Valores<\/h2>\n<p>[\/et_pb_text][et_pb_tabs active_tab_background_color=\u00bb#68BFB1&#8243; inactive_tab_background_color=\u00bb#33383C\u00bb active_tab_text_color=\u00bb#33383C\u00bb _builder_version=\u00bb4.19.5&#8243; _module_preset=\u00bbdefault\u00bb tab_text_color=\u00bb#C2C6B1&#8243; body_font=\u00bb||||||||\u00bb body_font_size=\u00bb16px\u00bb body_line_height=\u00bb2em\u00bb tab_font=\u00bbRubik||||||||\u00bb tab_font_size=\u00bb14px\u00bb tab_line_height=\u00bb2em\u00bb background_color=\u00bb#FFFFFF\u00bb max_width_last_edited=\u00bboff|desktop\u00bb module_alignment=\u00bbleft\u00bb custom_margin=\u00bb|||-7px||\u00bb custom_margin_last_edited=\u00bboff|desktop\u00bb custom_padding=\u00bb|||\u00bb animation_style=\u00bbzoom\u00bb animation_intensity_zoom=\u00bb10%\u00bb border_radii=\u00bbon|10px|10px|10px|10px\u00bb border_width_all=\u00bb0px\u00bb border_color_all=\u00bb#ffffff\u00bb locked=\u00bboff\u00bb global_colors_info=\u00bb{}\u00bb][et_pb_tab title=\u00bbAmor\u00bb _builder_version=\u00bb4.16&#8243; _module_preset=\u00bbdefault\u00bb global_colors_info=\u00bb{}\u00bb]<\/p>\n<p>Encausado correctamente es la base de los sentimientos m\u00e1s nobles conocidos por el ser humano. Nos brinda la capacidad de: preocuparnos por el bienestar de los dem\u00e1s y el propio, de dar cari\u00f1o y entregarse a familia, amigos, profesi\u00f3n y sociedad. Dicha capacidad es necesaria para crear relaciones interpersonales sanas y s\u00f3lidas.<\/p>\n<p>[\/et_pb_tab][et_pb_tab title=\u00bbResponsabilidad\u00bb _builder_version=\u00bb4.16&#8243; _module_preset=\u00bbdefault\u00bb global_colors_info=\u00bb{}\u00bb]<\/p>\n<p>Se refiere no solamente a cumplir con nuestros deberes u obligaciones. Es estar consciente de que todas las acciones o decisiones que tomamos tienen consecuencias y aun cuando \u00e9stas sean adversas, debemos enfrentarlas y responder por ellas.<\/p>\n<p>[\/et_pb_tab][et_pb_tab title=\u00bbRespeto\u00bb _builder_version=\u00bb4.16&#8243; _module_preset=\u00bbdefault\u00bb global_colors_info=\u00bb{}\u00bb]<\/p>\n<p>El respeto mutuo, el respeto a las normas, a la naturaleza y medio ambiente, a las diferencias f\u00edsicas, de creencia o de capacidad de los otros, nos permite entablar relaciones pac\u00edficas y armoniosas, haci\u00e9ndonos miembros funcionales de la sociedad.<\/p>\n<p>[\/et_pb_tab][et_pb_tab title=\u00bbIntegridad\u00bb _builder_version=\u00bb4.16&#8243; _module_preset=\u00bbdefault\u00bb global_colors_info=\u00bb{}\u00bb]<\/p>\n<p>Es la cualidad de hacer lo correcto. Engloba valores tan importantes como la honradez, honestidad, justicia y rectitud al actuar. Una persona con integridad, es una persona digna de confianza tanto en el \u00e1mbito personal como profesional. <\/p>\n<p>[\/et_pb_tab][et_pb_tab title=\u00bbProp\u00f3sito\u00bb _builder_version=\u00bb4.16&#8243; _module_preset=\u00bbdefault\u00bb global_colors_info=\u00bb{}\u00bb]<\/p>\n<p>Funciona en dos formas distintas: conocer el objetivo e importancia de las cosas que realizamos o aprendemos para definir nuestro rumbo y prioridades. Entender que cada uno de nosotros poseemos un conjunto \u00fanico de personalidad, habilidades y aptitudes que debemos encausar hacia un fin. Nuestra vida tiene un prop\u00f3sito. <\/p>\n<p>[\/et_pb_tab][et_pb_tab title=\u00bbGratitud\u00bb _builder_version=\u00bb4.16&#8243; _module_preset=\u00bbdefault\u00bb global_colors_info=\u00bb{}\u00bb]<\/p>\n<p>Se habla mucho de buscar la felicidad en la vida, pero \u00e9sta no podr\u00e1 llegar a ser plena si no apreciamos y sentimos agradecimiento por lo que tenemos. Esto va m\u00e1s all\u00e1 de los bienes materiales: la vida, la salud, nuestros seres queridos y mucho m\u00e1s son las cosas que debemos valorar d\u00eda con d\u00eda. <\/p>\n<p>[\/et_pb_tab][et_pb_tab title=\u00bbEsfuerzo\u00bb _builder_version=\u00bb4.16&#8243; _module_preset=\u00bbdefault\u00bb global_colors_info=\u00bb{}\u00bb]<\/p>\n<p>Cuando las cosas se tornan dif\u00edciles no debemos darnos por vencidos. En ocasiones tendremos que trabajar con ah\u00ednco para alcanzar nuestras metas. Detr\u00e1s de los retos y adversidades se encuentra el crecimiento personal. Despu\u00e9s de todo, los logros alcanzados con esfuerzo son m\u00e1s satisfactorios. <\/p>\n<p>[\/et_pb_tab][et_pb_tab title=\u00bbIniciativa\u00bb _builder_version=\u00bb4.16&#8243; _module_preset=\u00bbdefault\u00bb global_colors_info=\u00bb{}\u00bb]<\/p>\n<p>Abarca desde las cosas m\u00e1s sencillas como participar en clase o apoyar a quien lo necesita, hasta el ser proactivos en nuestro trabajo o emprendedores en alg\u00fan proyecto. El tomar la iniciativa puede abrirnos puertas de oportunidad y es vital para alcanzar nuestros objetivos y hacer de nuestro entorno un mejor lugar.<\/p>\n<p>[\/et_pb_tab][et_pb_tab title=\u00bbConstancia\u00bb _builder_version=\u00bb4.16&#8243; _module_preset=\u00bbdefault\u00bb global_colors_info=\u00bb{}\u00bb]<\/p>\n<p>Una gota de agua puede perforar una roca. En el estudio, el trabajo o las relaciones interpersonales, las peque\u00f1as cosas que hacemos d\u00eda con d\u00eda, son las que hacen la diferencia. La constancia templa nuestro car\u00e1cter.<\/p>\n<p>[\/et_pb_tab][et_pb_tab title=\u00bbAutocontrol\u00bb _builder_version=\u00bb4.16&#8243; _module_preset=\u00bbdefault\u00bb global_colors_info=\u00bb{}\u00bb]<\/p>\n<p>Las emociones son pasajeras y por s\u00ed solas, a veces pueden tener repercusiones negativas para nosotros o quienes nos rodean. Tranquilizarnos y pensar en las consecuencias de nuestras palabras actos o actitudes, nos permitir\u00e1 tomar decisiones m\u00e1s objetivas, evitando que nuestros sentimientos nos gobiernen y lastimen (a uno mismo o a otro). <\/p>\n<p>[\/et_pb_tab][\/et_pb_tabs][\/et_pb_column][\/et_pb_row][\/et_pb_section]<\/p>\n","protected":false},"excerpt":{"rendered":"<p>SOMOS EL CAUCE QUE IMPULSA PERSONAS A ALCANZAR UNA EDUCACI\u00d3N CON PROP\u00d3SITO, INSTRUYENDO EN VALORES, DESARROLLANDO HABILIDADES ART\u00cdSTICAS, SIENDO UN SEGUNDO HOGARSomos un colegio biling\u00fce fundado en 1991, \u00a0con presencia en la Ciudad de M\u00e9xico y Quer\u00e9taroen qu\u00e9creemosCreemos que cada ni\u00f1o es \u00fanico y que sus habilidades y caracter\u00edsticas unidas a una formaci\u00f3n con prop\u00f3sito, [&hellip;]<\/p>\n","protected":false},"author":1,"featured_media":0,"parent":0,"menu_order":0,"comment_status":"closed","ping_status":"closed","template":"","meta":{"_et_pb_use_builder":"on","_et_pb_old_content":"","_et_gb_content_width":"","footnotes":""},"class_list":["post-38","page","type-page","status-publish","hentry"],"_links":{"self":[{"href":"https:\/\/nuevaraza.edu.mx\/index.php?rest_route=\/wp\/v2\/pages\/38","targetHints":{"allow":["GET"]}}],"collection":[{"href":"https:\/\/nuevaraza.edu.mx\/index.php?rest_route=\/wp\/v2\/pages"}],"about":[{"href":"https:\/\/nuevaraza.edu.mx\/index.php?rest_route=\/wp\/v2\/types\/page"}],"author":[{"embeddable":true,"href":"https:\/\/nuevaraza.edu.mx\/index.php?rest_route=\/wp\/v2\/users\/1"}],"replies":[{"embeddable":true,"href":"https:\/\/nuevaraza.edu.mx\/index.php?rest_route=%2Fwp%2Fv2%2Fcomments&post=38"}],"version-history":[{"count":3,"href":"https:\/\/nuevaraza.edu.mx\/index.php?rest_route=\/wp\/v2\/pages\/38\/revisions"}],"predecessor-version":[{"id":73,"href":"https:\/\/nuevaraza.edu.mx\/index.php?rest_route=\/wp\/v2\/pages\/38\/revisions\/73"}],"wp:attachment":[{"href":"https:\/\/nuevaraza.edu.mx\/index.php?rest_route=%2Fwp%2Fv2%2Fmedia&parent=38"}],"curies":[{"name":"wp","href":"https:\/\/api.w.org\/{rel}","templated":true}]}}