{"id":46,"date":"2023-03-17T19:18:30","date_gmt":"2023-03-17T19:18:30","guid":{"rendered":"https:\/\/nuevaraza.edu.mx\/?page_id=46"},"modified":"2023-03-17T19:18:42","modified_gmt":"2023-03-17T19:18:42","slug":"aviso-de-privacidad","status":"publish","type":"page","link":"https:\/\/nuevaraza.edu.mx\/?page_id=46","title":{"rendered":"AVISO DE PRIVACIDAD"},"content":{"rendered":"<p>[et_pb_section fb_built=\u00bb1&#8243; _builder_version=\u00bb4.19.5&#8243; _module_preset=\u00bbdefault\u00bb top_divider_height_tablet=\u00bb\u00bb top_divider_height_phone=\u00bb120px\u00bb top_divider_height_last_edited=\u00bbon|phone\u00bb top_divider_repeat_tablet=\u00bb\u00bb top_divider_repeat_phone=\u00bb1x\u00bb top_divider_repeat_last_edited=\u00bbon|phone\u00bb global_colors_info=\u00bb{}\u00bb theme_builder_area=\u00bbpost_content\u00bb][et_pb_row _builder_version=\u00bb4.19.5&#8243; _module_preset=\u00bbdefault\u00bb custom_padding=\u00bb39px||18px||false|false\u00bb global_colors_info=\u00bb{}\u00bb theme_builder_area=\u00bbpost_content\u00bb][et_pb_column type=\u00bb4_4&#8243; _builder_version=\u00bb4.19.5&#8243; _module_preset=\u00bbdefault\u00bb global_colors_info=\u00bb{}\u00bb theme_builder_area=\u00bbpost_content\u00bb][et_pb_text _builder_version=\u00bb4.19.5&#8243; _module_preset=\u00bbdefault\u00bb text_font=\u00bbCabin Sketch||||||||\u00bb text_font_size=\u00bb46px\u00bb global_colors_info=\u00bb{}\u00bb theme_builder_area=\u00bbpost_content\u00bb]<\/p>\n<p>Aviso de Privacidad<\/p>\n<p>[\/et_pb_text][\/et_pb_column][\/et_pb_row][et_pb_row column_structure=\u00bb1_2,1_2&#8243; _builder_version=\u00bb4.16&#8243; _module_preset=\u00bbdefault\u00bb global_colors_info=\u00bb{}\u00bb theme_builder_area=\u00bbpost_content\u00bb][et_pb_column type=\u00bb1_2&#8243; _builder_version=\u00bb4.16&#8243; _module_preset=\u00bbdefault\u00bb global_colors_info=\u00bb{}\u00bb theme_builder_area=\u00bbpost_content\u00bb][et_pb_text _builder_version=\u00bb4.19.5&#8243; _module_preset=\u00bbdefault\u00bb global_colors_info=\u00bb{}\u00bb theme_builder_area=\u00bbpost_content\u00bb]<\/p>\n<h2>1. Responsable de sus datos.<\/h2>\n<p>El Colegio Nueva Raza con direcci\u00f3n en:<br \/>Av. M\u00e9xico 1252 Col. Sta. Teresa Contreras Ciudad de M\u00e9xico. CP.10710.<br \/>Se responsabiliza sobre el tratamiento de sus datos.<br \/>Puede comunicarse con el responsable por el correo electronico:<br \/>dame_de_baja@nuevaraza.edu.mx<\/p>\n<h2>2. \u00bfPara qu\u00e9 fines recabamos y utilizamos sus datos personales?<\/h2>\n<p>Sus datos personales ser\u00e1n utilizados para las siguientes finalidades:<\/p>\n<ol>\n<li>Brindar servicios escolares-educativos, de capacitaci\u00f3n, entrenamiento y formaci\u00f3n continua.<\/li>\n<li>Realizar estudios de aprovechamiento y rendimiento acad\u00e9mico.<\/li>\n<li>Realizar estudios, registros, estad\u00edsticas y an\u00e1lisis de informaci\u00f3n escolar.<\/li>\n<li>La creaci\u00f3n, estudio, an\u00e1lisis, actualizaci\u00f3n, y conservaci\u00f3n del expediente e historia acad\u00e9mica.<\/li>\n<li>Archivo de registros y expediente para seguimiento de servicios futuros.<\/li>\n<li>Dar cumplimiento a las obligaciones y compromisos que hemos contra\u00eddo con usted.<\/li>\n<li>Gesti\u00f3n financiera, facturaci\u00f3n y cobro.<\/li>\n<\/ol>\n<h2>3. \u00bfQu\u00e9 datos personales obtenemos y de d\u00f3nde?<\/h2>\n<p>Para las finalidades se\u00f1aladas anteriormente podemos recabar sus datos personales de distintas formas:<\/p>\n<ol>\n<li>Cuando visita nuestro sitio de Internet o utiliza nuestros servicios en l\u00ednea.<\/li>\n<li>Por tel\u00e9fono o fax.<\/li>\n<li>Cuando usted nos los proporciona personalmente.<\/li>\n<li>Cuando obtenemos informaci\u00f3n a trav\u00e9s de otras fuentes de acceso p\u00fablico que est\u00e1n permitidas por la ley (Directorios telef\u00f3nicos o laborales, sitios web, etc).<\/li>\n<\/ol>\n<p>Datos personales que recabamos:<\/p>\n<ol>\n<li>Informaci\u00f3n de contacto (Nombre, Email, Direcci\u00f3n, Tel\u00e9fono, Celular, Fax)<\/li>\n<li>Documentaci\u00f3n de identidad (Credencial de Elector, Pasaporte, Licencia de Manejo, Cartilla o C\u00e9dula Profesional)<\/li>\n<li>Informaci\u00f3n financiera y medios de pago (Tarjeta de cr\u00e9dito, d\u00e9bito, cheques)<\/li>\n<li>Informaci\u00f3n Fiscal (RFC, Direcci\u00f3n de Facturaci\u00f3n)<\/li>\n<li>Datos socioecon\u00f3micos (Edad, Sexo, Nivel de ingresos, Escolaridad)<\/li>\n<li>N\u00famero de Seguridad Social (NSS) y\/o CURP.<\/li>\n<li>Historia acad\u00e9mica (certificados escolares, constancias, estudios realizados)<\/li>\n<li>Informaci\u00f3n familiar (C\u00f3nyuge, hijos, nietos)<\/li>\n<li>Referencias personales (Informaci\u00f3n de personas no familiares)<\/li>\n<li>Informaci\u00f3n laboral (Empresa, Puesto, actividad desarrollada, CV)<\/li>\n<li>Referencia Acad\u00e9mica<\/li>\n<li>Situaci\u00f3n Legal de los padres<\/li>\n<li>Custodia de los alumnos<\/li>\n<li>Datos de los tutores del alumno<\/li>\n<li>Documentos oficiales extendidos en Juzgado de lo Familiar<\/li>\n<li>Referencias laborales<\/li>\n<\/ol>\n<p>Le informamos que para cumplir con las finalidades previstas en este aviso de privacidad, necesitar\u00e1n ser recabados y tratados los siguientes datos personales sensibles :<\/p>\n<ol>\n<li>Antecedentes m\u00e9dicos y\/o psicol\u00f3gicos<\/li>\n<li>Preferencia sexual<\/li>\n<li>Antecedentes penales<\/li>\n<li>Creencias religiosas<\/li>\n<\/ol>\n<p>[\/et_pb_text][\/et_pb_column][et_pb_column type=\u00bb1_2&#8243; _builder_version=\u00bb4.16&#8243; _module_preset=\u00bbdefault\u00bb global_colors_info=\u00bb{}\u00bb theme_builder_area=\u00bbpost_content\u00bb][et_pb_text _builder_version=\u00bb4.16&#8243; _module_preset=\u00bbdefault\u00bb global_colors_info=\u00bb{}\u00bb theme_builder_area=\u00bbpost_content\u00bb]<\/p>\n<p> Requerimos su consentimiento (aceptaci\u00f3n) expreso para el tratamiento de sus datos personales sensibles, y nos comprometemos a que los mismos ser\u00e1n tratados bajo las m\u00e1s estrictas medidas de seguridad que garanticen su confidencialidad.<\/p>\n<h2>4. \u00bfC\u00f3mo Acceder, Rectificar, Cancelar u Oponerse al uso y tratamiento de sus datos personales<br \/>\n      (Derechos ARCO) o revocar su consentimiento para el tratamiento sus datos?<\/h2>\n<p>Usted puede Acceder y conocer los datos personales que poseemos y los detalles del tratamiento y uso de los mismos, tambi\u00e9n puede Rectificarlos y Corregirlos en caso de ser inexactos o incompletos; Cancelarlos y Eliminarlos cuando considere que no se requieren para alguna de las finalidades se\u00f1alados en el presente aviso de privacidad, o que est\u00e1n siendo utilizados para finalidades no autorizadas por usted o haya finalizado la relaci\u00f3n contractual o de servicio, o bien, Oponerse al tratamiento de los mismos.<br \/>\n      Usted puede ejercer sus derechos ARCO, cumpliendo los requisitos y siguiendo las instrucciones en el sitio web ProDato. Haga click<a href=\"http:\/\/ar.prodato.mx\/117770783\">aqu\u00ed<\/a>para<br \/>\n      acceder al sitio.<\/p>\n<h2>5. Transferencia de datos personales<\/h2>\n<p>Sus datos personales s\u00f3lo podr\u00e1n ser transferidos a terceros con su consentimiento; de otra manera, s\u00f3lo ser\u00e1n tratados por el responsable y por personas y\/o empresas reconocid@s como encargado.<\/p>\n<h2>6.Modificaciones al aviso de privacidad<\/h2>\n<p>Nos reservamos el derecho de efectuar en cualquier momento modificaciones o actualizaciones al presente Aviso de Privacidad, para la atenci\u00f3n de novedades legislativas, pol\u00edticas internas o nuevos requerimientos para la prestaci\u00f3n u ofrecimiento de nuestros servicios o productos.<br \/>\n      Estas modificaciones estar\u00e1n disponibles al p\u00fablico en el sitio web de <a href=\"http:\/\/www.protecciondedatospersonales.org\/\">ProDato<\/a>\n      <\/p>\n<h2>7. Uso de cookies, web beacons y JavaScript<\/h2>\n<p>Las cookies son una peque\u00f1a pieza de informaci\u00f3n enviada autom\u00e1ticamente por nuestro sitio web, las cuales son almacenadas en su navegador. De esta manera el sitio web puede consultar dicha informaci\u00f3n para conocer la actividad previa del usuario y agilizar algunos procedimientos como mantener la sesi\u00f3n o identificar que secciones del sitio ya visit\u00f3.<br \/>\n      Las web beacons en conjunto con los JavaScripts permiten almacenar informaci\u00f3n sobre los patrones de uso de nuestro sitio web.<br \/>\n      Le informamos que utilizamos esas herramientas para obtener informaci\u00f3n estad\u00edstica como la siguiente:<\/p>\n<ol>\n<li>Tipo de navegador y sistema operativo<\/li>\n<li>Las p\u00e1ginas de Internet consultadas<\/li>\n<li>Origen de la visita<\/li>\n<li>La direcci\u00f3n IP de acceso<\/li>\n<li>Tiempo de permanencia en nuestro sitio<\/li>\n<\/ol>\n<p>      Las cookies, el JavaScript y otras tecnolog\u00edas de seguimiento y rastreo pueden ser deshabilitadas, sin embargo, desactivarlas puede generar que el sitio web o algunas de sus funcionalidades no se desempe\u00f1en adecuadamente.<\/p>\n<p><h5>\u00daltima modificaci\u00f3n: Vie\/9\/10\/15 13:08.<\/h5>\n<\/p>\n<p>[\/et_pb_text][\/et_pb_column][\/et_pb_row][\/et_pb_section]<\/p>\n","protected":false},"excerpt":{"rendered":"<p>Aviso de Privacidad1. Responsable de sus datos. El Colegio Nueva Raza con direcci\u00f3n en:Av. M\u00e9xico 1252 Col. Sta. Teresa Contreras Ciudad de M\u00e9xico. CP.10710.Se responsabiliza sobre el tratamiento de sus datos.Puede comunicarse con el responsable por el correo electronico:dame_de_baja@nuevaraza.edu.mx 2. \u00bfPara qu\u00e9 fines recabamos y utilizamos sus datos personales? Sus datos personales ser\u00e1n utilizados para [&hellip;]<\/p>\n","protected":false},"author":1,"featured_media":0,"parent":0,"menu_order":0,"comment_status":"closed","ping_status":"closed","template":"","meta":{"_et_pb_use_builder":"on","_et_pb_old_content":"","_et_gb_content_width":"","footnotes":""},"class_list":["post-46","page","type-page","status-publish","hentry"],"_links":{"self":[{"href":"https:\/\/nuevaraza.edu.mx\/index.php?rest_route=\/wp\/v2\/pages\/46","targetHints":{"allow":["GET"]}}],"collection":[{"href":"https:\/\/nuevaraza.edu.mx\/index.php?rest_route=\/wp\/v2\/pages"}],"about":[{"href":"https:\/\/nuevaraza.edu.mx\/index.php?rest_route=\/wp\/v2\/types\/page"}],"author":[{"embeddable":true,"href":"https:\/\/nuevaraza.edu.mx\/index.php?rest_route=\/wp\/v2\/users\/1"}],"replies":[{"embeddable":true,"href":"https:\/\/nuevaraza.edu.mx\/index.php?rest_route=%2Fwp%2Fv2%2Fcomments&post=46"}],"version-history":[{"count":2,"href":"https:\/\/nuevaraza.edu.mx\/index.php?rest_route=\/wp\/v2\/pages\/46\/revisions"}],"predecessor-version":[{"id":48,"href":"https:\/\/nuevaraza.edu.mx\/index.php?rest_route=\/wp\/v2\/pages\/46\/revisions\/48"}],"wp:attachment":[{"href":"https:\/\/nuevaraza.edu.mx\/index.php?rest_route=%2Fwp%2Fv2%2Fmedia&parent=46"}],"curies":[{"name":"wp","href":"https:\/\/api.w.org\/{rel}","templated":true}]}}